{"id":28831,"date":"2017-09-22T04:07:41","date_gmt":"2017-09-22T09:07:41","guid":{"rendered":"https:\/\/ad-shaker.com\/?page_id=28831"},"modified":"2018-03-13T13:42:06","modified_gmt":"2018-03-13T18:42:06","slug":"a-propos-de-nous","status":"publish","type":"page","link":"https:\/\/ad-shaker.com\/fr\/a-propos-de-nous\/","title":{"rendered":"A propos de nous"},"content":{"rendered":"<p>[et_pb_section bb_built=\u00a0\u00bb1&Prime; admin_label=\u00a0\u00bbHero Section\u00a0\u00bb background_color=\u00a0\u00bb#ffffff\u00a0\u00bb custom_padding_last_edited=\u00a0\u00bbon|desktop\u00a0\u00bb _builder_version=\u00a0\u00bb3.0.106&Prime; background_image=\u00a0\u00bbhttps:\/\/ad-shaker.com\/wp2017\/wp-content\/uploads\/2018\/03\/people-2567566_1920.jpg\u00a0\u00bb custom_padding_tablet=\u00a0\u00bb50px|0|50px|0&Prime; collapsed=\u00a0\u00bboff\u00a0\u00bb next_background_color=\u00a0\u00bb#000000&Prime;][et_pb_row custom_padding=\u00a0\u00bb7%||4%|\u00a0\u00bb padding_mobile=\u00a0\u00bboff\u00a0\u00bb column_padding_mobile=\u00a0\u00bbon\u00a0\u00bb parallax_method_1=\u00a0\u00bboff\u00a0\u00bb _builder_version=\u00a0\u00bb3.0.47&Prime; background_size=\u00a0\u00bbinitial\u00a0\u00bb background_position=\u00a0\u00bbtop_left\u00a0\u00bb background_repeat=\u00a0\u00bbrepeat\u00a0\u00bb _i=\u00a0\u00bb0&Prime; _address=\u00a0\u00bb0.0&Prime;][et_pb_column type=\u00a0\u00bb4_4&Prime;][et_pb_cta admin_label=\u00a0\u00bbAbout Us\u00a0\u00bb use_background_color=\u00a0\u00bboff\u00a0\u00bb _builder_version=\u00a0\u00bb3.0.106&Prime; header_font=\u00a0\u00bbOpen Sans|||on|\u00a0\u00bb header_font_size=\u00a0\u00bb52&Prime; header_font_size_tablet=\u00a0\u00bb50&Prime; header_font_size_phone=\u00a0\u00bb30&Prime; header_font_size_last_edited=\u00a0\u00bbon|phone\u00a0\u00bb header_text_color=\u00a0\u00bb#ffffff\u00a0\u00bb header_line_height=\u00a0\u00bb1.4em\u00a0\u00bb body_font=\u00a0\u00bbOpen Sans||||\u00a0\u00bb body_font_size=\u00a0\u00bb18&Prime; body_text_color=\u00a0\u00bb#ffffff\u00a0\u00bb body_line_height=\u00a0\u00bb1.5em\u00a0\u00bb custom_css_main_element=\u00a0\u00bbposition: relative; z-index: 10;text-shadow: 1px 1px 8px #666;\u00a0\u00bb custom_css_promo_title=\u00a0\u00bbfont-weight: 800;||\u00a0\u00bb url_new_window=\u00a0\u00bboff\u00a0\u00bb background_layout=\u00a0\u00bbdark\u00a0\u00bb custom_button=\u00a0\u00bboff\u00a0\u00bb button_icon_placement=\u00a0\u00bbright\u00a0\u00bb]<\/p>\n<h2>A PROPOS DE&nbsp;<span style=\"color: #fcbf00;\">NOUS<\/span><\/h2>\n<p>Pourquoi nous faisons &#8211; Ce que nous faisons<\/p>\n<p>[\/et_pb_cta][\/et_pb_column][\/et_pb_row][\/et_pb_section][et_pb_section bb_built=\u00a0\u00bb1&Prime; background_color=\u00a0\u00bb#ffffff\u00a0\u00bb disabled_on=\u00a0\u00bb||off\u00a0\u00bb module_id=\u00a0\u00bbnext1&Prime; custom_padding_last_edited=\u00a0\u00bbon|desktop\u00a0\u00bb _builder_version=\u00a0\u00bb3.0.47&Prime; custom_padding_tablet=\u00a0\u00bb50px|0|50px|0&Prime; transparent_background=\u00a0\u00bboff\u00a0\u00bb padding_mobile=\u00a0\u00bboff\u00a0\u00bb collapsed=\u00a0\u00bboff\u00a0\u00bb prev_background_color=\u00a0\u00bb#000000&Prime;][et_pb_row use_custom_gutter=\u00a0\u00bbon\u00a0\u00bb gutter_width=\u00a0\u00bb2&Prime; custom_padding=\u00a0\u00bb27px|0px|97px|0px\u00a0\u00bb column_padding_mobile=\u00a0\u00bbon\u00a0\u00bb parallax_method_1=\u00a0\u00bboff\u00a0\u00bb parallax_method_2=\u00a0\u00bboff\u00a0\u00bb parallax_method_3=\u00a0\u00bboff\u00a0\u00bb _builder_version=\u00a0\u00bb3.0.47&Prime; background_size=\u00a0\u00bbinitial\u00a0\u00bb background_position=\u00a0\u00bbtop_left\u00a0\u00bb background_repeat=\u00a0\u00bbrepeat\u00a0\u00bb _i=\u00a0\u00bb0&Prime; _address=\u00a0\u00bb1.0&Prime;][et_pb_column type=\u00a0\u00bb1_3&Prime;][et_pb_cta admin_label=\u00a0\u00bbLong story short\u00a0\u00bb use_background_color=\u00a0\u00bboff\u00a0\u00bb background_layout=\u00a0\u00bblight\u00a0\u00bb _builder_version=\u00a0\u00bb3.0.47&Prime; header_font=\u00a0\u00bbOpen Sans|||on|\u00a0\u00bb header_font_size=\u00a0\u00bb44&Prime; header_font_size_tablet=\u00a0\u00bb40&Prime; header_font_size_phone=\u00a0\u00bb30&Prime; header_font_size_last_edited=\u00a0\u00bbon|desktop\u00a0\u00bb header_text_color=\u00a0\u00bb#494949&Prime; header_line_height=\u00a0\u00bb1.4em\u00a0\u00bb body_font=\u00a0\u00bbOpen Sans||||\u00a0\u00bb body_font_size=\u00a0\u00bb16&Prime; body_line_height=\u00a0\u00bb1.5em\u00a0\u00bb background_size=\u00a0\u00bbinitial\u00a0\u00bb background_position=\u00a0\u00bbtop_left\u00a0\u00bb background_repeat=\u00a0\u00bbrepeat\u00a0\u00bb custom_margin=\u00a0\u00bb||0px|\u00a0\u00bb custom_padding=\u00a0\u00bb||0px|\u00a0\u00bb custom_css_promo_title=\u00a0\u00bbfont-weight: 800;\u00a0\u00bb _i=\u00a0\u00bb0&Prime; _address=\u00a0\u00bb1.0.0.0&Prime;]<\/p>\n<h2>EN\u00a0<span style=\"color: #fcbf00;\">BREF<\/span><\/h2>\n<p>[\/et_pb_cta][\/et_pb_column][et_pb_column type=\u00a0\u00bb2_3&Prime;][et_pb_text _builder_version=\u00a0\u00bb3.0.75&Prime; text_font=\u00a0\u00bbOpen Sans||||\u00a0\u00bb text_font_size=\u00a0\u00bb16&Prime; text_text_color=\u00a0\u00bb#666666&Prime; text_line_height=\u00a0\u00bb1.5em\u00a0\u00bb background_size=\u00a0\u00bbinitial\u00a0\u00bb background_position=\u00a0\u00bbtop_left\u00a0\u00bb background_repeat=\u00a0\u00bbrepeat\u00a0\u00bb module_alignment=\u00a0\u00bbleft\u00a0\u00bb]<\/p>\n<p><strong>Pourquoi Ad Shaker?<\/strong><\/p>\n<p>Form\u00e9e et certifi\u00e9e par Google, et agence class\u00e9e parmi les meilleures sur Upwork, la mission d&rsquo;Ad Shaker est d&rsquo;aider les chefs d&rsquo;entreprise et propri\u00e9taires audacieux et ambitieux, qui ne se contentent pas de statu quo ou du bon vieil e-marketing.<\/p>\n<p>Ad Shaker travaille avec tous types d&rsquo;industries et toutes sortes de clients. Nous commen\u00e7ons par poser les bonnes questions, puis nous d\u00e9nichons les bonnes solutions. Nous ne nous contentons pas de solutions banales, notre approche et nos recommandations sont tr\u00e8s personnalis\u00e9es.<\/p>\n<p>Nous aidons les clients \u00e0 d\u00e9cider o\u00f9 ils veulent aller et comment y arriver. Et nous ne nous arr\u00eatons pas l\u00e0. Nous nous assurons que ces d\u00e9cisions se transforment rapidement en action. Apr\u00e8s tout, les actions ont plus de poids que les mots.<\/p>\n<p>Nous apportons \u00e0 chaque client une combinaison de connaissances de l&rsquo;industrie, de perspectives nouvelles et de connaissances innovantes en mati\u00e8re d\u2019e-marketing. Nous aidons nos clients \u00e0 \u00e9tablir de nouveaux standards d&rsquo;excellence dans leur domaine.<\/p>\n<p>[\/et_pb_text][\/et_pb_column][\/et_pb_row][et_pb_row use_custom_gutter=\u00a0\u00bbon\u00a0\u00bb gutter_width=\u00a0\u00bb1&Prime; custom_padding=\u00a0\u00bb27px|0px|401px|0px\u00a0\u00bb column_padding_mobile=\u00a0\u00bbon\u00a0\u00bb parallax_method_1=\u00a0\u00bboff\u00a0\u00bb parallax_method_2=\u00a0\u00bboff\u00a0\u00bb _builder_version=\u00a0\u00bb3.0.75&Prime; background_image=\u00a0\u00bbhttps:\/\/ad-shaker.com\/wp2017\/wp-content\/uploads\/2018\/03\/bureau-1.jpg\u00a0\u00bb background_size=\u00a0\u00bbcontain\u00a0\u00bb background_position=\u00a0\u00bbtop_left\u00a0\u00bb][et_pb_column type=\u00a0\u00bb1_2&Prime;][\/et_pb_column][et_pb_column type=\u00a0\u00bb1_2&Prime;][\/et_pb_column][\/et_pb_row][et_pb_row custom_padding=\u00a0\u00bb102px|0px|27px|0px\u00a0\u00bb _builder_version=\u00a0\u00bb3.0.47&Prime; background_size=\u00a0\u00bbinitial\u00a0\u00bb background_position=\u00a0\u00bbtop_left\u00a0\u00bb background_repeat=\u00a0\u00bbrepeat\u00a0\u00bb _i=\u00a0\u00bb2&Prime; _address=\u00a0\u00bb1.2&Prime;][et_pb_column type=\u00a0\u00bb1_3&Prime;][\/et_pb_column][et_pb_column type=\u00a0\u00bb2_3&Prime;][et_pb_text _builder_version=\u00a0\u00bb3.0.71&Prime; text_font=\u00a0\u00bbOpen Sans||||\u00a0\u00bb text_font_size=\u00a0\u00bb16&Prime; text_text_color=\u00a0\u00bb#666666&Prime; text_line_height=\u00a0\u00bb1.5em\u00a0\u00bb background_size=\u00a0\u00bbinitial\u00a0\u00bb background_position=\u00a0\u00bbtop_left\u00a0\u00bb background_repeat=\u00a0\u00bbrepeat\u00a0\u00bb module_alignment=\u00a0\u00bbleft\u00a0\u00bb]<\/p>\n<p><strong>La fiert\u00e9 de notre agence se refl\u00e8te dans notre travail<\/strong><\/p>\n<p>Directeur g\u00e9n\u00e9ral d&rsquo;Ad Shaker, Alexandre Billaut a plus de 15 ans d&rsquo;exp\u00e9rience dans le domaine, et 5 ans d&rsquo;exp\u00e9rience dans un groupe d&rsquo;h\u00f4tellerie 5 \u00e9toiles, utilisant son expertise dans l&rsquo;analyse du trafic, l&rsquo;optimisation du site Web, la publicit\u00e9 en ligne et les r\u00e9seaux sociaux.<\/p>\n<p>Alex et son \u00e9quipe de professionnels sont parfaitement bilingues en anglais et en fran\u00e7ais et ont travaill\u00e9 avec des clients partout dans le monde, dont l&rsquo;Australie, le Royaume-Uni, la France, la Suisse, le Luxembourg, les \u00c9tats-Unis et le Canada. Alex et ses coll\u00e8gues peuvent vous aider \u00e0 relever les d\u00e9fis les plus difficiles en e-Marketing, et partager leur exp\u00e9rience, leurs id\u00e9es et points de vue.<\/p>\n<p>Voulez-vous travailler avec nous, chez Ad Shaker ? Entrez en contact en cliquant simplement <strong>ici<\/strong>.<\/p>\n<p>[\/et_pb_text][\/et_pb_column][\/et_pb_row][\/et_pb_section]<\/p>\n","protected":false},"excerpt":{"rendered":"<p>[et_pb_section bb_built=\u00a0\u00bb1&Prime; admin_label=\u00a0\u00bbHero Section\u00a0\u00bb background_color=\u00a0\u00bb#ffffff\u00a0\u00bb custom_padding_last_edited=\u00a0\u00bbon|desktop\u00a0\u00bb _builder_version=\u00a0\u00bb3.0.106&Prime; background_image=\u00a0\u00bbhttps:\/\/ad-shaker.com\/wp2017\/wp-content\/uploads\/2018\/03\/people-2567566_1920.jpg\u00a0\u00bb custom_padding_tablet=\u00a0\u00bb50px|0|50px|0&Prime; collapsed=\u00a0\u00bboff\u00a0\u00bb next_background_color=\u00a0\u00bb#000000&Prime;][et_pb_row custom_padding=\u00a0\u00bb7%||4%|\u00a0\u00bb padding_mobile=\u00a0\u00bboff\u00a0\u00bb column_padding_mobile=\u00a0\u00bbon\u00a0\u00bb parallax_method_1=\u00a0\u00bboff\u00a0\u00bb _builder_version=\u00a0\u00bb3.0.47&Prime; background_size=\u00a0\u00bbinitial\u00a0\u00bb background_position=\u00a0\u00bbtop_left\u00a0\u00bb background_repeat=\u00a0\u00bbrepeat\u00a0\u00bb _i=\u00a0\u00bb0&Prime; _address=\u00a0\u00bb0.0&Prime;][et_pb_column type=\u00a0\u00bb4_4&Prime;][et_pb_cta admin_label=\u00a0\u00bbAbout Us\u00a0\u00bb use_background_color=\u00a0\u00bboff\u00a0\u00bb _builder_version=\u00a0\u00bb3.0.106&Prime; header_font=\u00a0\u00bbOpen Sans|||on|\u00a0\u00bb header_font_size=\u00a0\u00bb52&Prime; header_font_size_tablet=\u00a0\u00bb50&Prime; header_font_size_phone=\u00a0\u00bb30&Prime; header_font_size_last_edited=\u00a0\u00bbon|phone\u00a0\u00bb header_text_color=\u00a0\u00bb#ffffff\u00a0\u00bb header_line_height=\u00a0\u00bb1.4em\u00a0\u00bb body_font=\u00a0\u00bbOpen Sans||||\u00a0\u00bb body_font_size=\u00a0\u00bb18&Prime; body_text_color=\u00a0\u00bb#ffffff\u00a0\u00bb body_line_height=\u00a0\u00bb1.5em\u00a0\u00bb custom_css_main_element=\u00a0\u00bbposition: relative; z-index: 10;text-shadow: 1px 1px 8px #666;\u00a0\u00bb custom_css_promo_title=\u00a0\u00bbfont-weight: 800;||\u00a0\u00bb url_new_window=\u00a0\u00bboff\u00a0\u00bb background_layout=\u00a0\u00bbdark\u00a0\u00bb custom_button=\u00a0\u00bboff\u00a0\u00bb button_icon_placement=\u00a0\u00bbright\u00a0\u00bb] A PROPOS [&hellip;]<\/p>\n","protected":false},"author":6,"featured_media":0,"parent":0,"menu_order":0,"comment_status":"closed","ping_status":"closed","template":"","meta":{"_et_pb_use_builder":"on","_et_pb_old_content":"","_et_gb_content_width":""},"_links":{"self":[{"href":"https:\/\/ad-shaker.com\/fr\/wp-json\/wp\/v2\/pages\/28831"}],"collection":[{"href":"https:\/\/ad-shaker.com\/fr\/wp-json\/wp\/v2\/pages"}],"about":[{"href":"https:\/\/ad-shaker.com\/fr\/wp-json\/wp\/v2\/types\/page"}],"author":[{"embeddable":true,"href":"https:\/\/ad-shaker.com\/fr\/wp-json\/wp\/v2\/users\/6"}],"replies":[{"embeddable":true,"href":"https:\/\/ad-shaker.com\/fr\/wp-json\/wp\/v2\/comments?post=28831"}],"version-history":[{"count":11,"href":"https:\/\/ad-shaker.com\/fr\/wp-json\/wp\/v2\/pages\/28831\/revisions"}],"predecessor-version":[{"id":29530,"href":"https:\/\/ad-shaker.com\/fr\/wp-json\/wp\/v2\/pages\/28831\/revisions\/29530"}],"wp:attachment":[{"href":"https:\/\/ad-shaker.com\/fr\/wp-json\/wp\/v2\/media?parent=28831"}],"curies":[{"name":"wp","href":"https:\/\/api.w.org\/{rel}","templated":true}]}}