{"id":28840,"date":"2017-09-22T04:15:11","date_gmt":"2017-09-22T09:15:11","guid":{"rendered":"https:\/\/ad-shaker.com\/?page_id=28840"},"modified":"2018-03-30T19:56:17","modified_gmt":"2018-03-31T00:56:17","slug":"certifications","status":"publish","type":"page","link":"https:\/\/ad-shaker.com\/fr\/certifications\/","title":{"rendered":"Certifications"},"content":{"rendered":"<p>[et_pb_section fb_built=\u00a0\u00bb1&Prime; background_color=\u00a0\u00bb#ffffff\u00a0\u00bb admin_label=\u00a0\u00bbHero Section\u00a0\u00bb module_id=\u00a0\u00bbdotover\u00a0\u00bb custom_padding_last_edited=\u00a0\u00bbon|desktop\u00a0\u00bb _builder_version=\u00a0\u00bb3.0.106&Prime; background_image=\u00a0\u00bbhttps:\/\/ad-shaker.com\/wp2017\/wp-content\/uploads\/2018\/03\/business-3152586_1920.jpg\u00a0\u00bb custom_padding_tablet=\u00a0\u00bb50px|0|50px|0&Prime; collapsed=\u00a0\u00bboff\u00a0\u00bb][et_pb_row custom_padding=\u00a0\u00bb7%||4%|\u00a0\u00bb padding_mobile=\u00a0\u00bboff\u00a0\u00bb column_padding_mobile=\u00a0\u00bbon\u00a0\u00bb parallax_method_1=\u00a0\u00bboff\u00a0\u00bb _builder_version=\u00a0\u00bb3.0.67&Prime; background_size=\u00a0\u00bbinitial\u00a0\u00bb background_position=\u00a0\u00bbtop_left\u00a0\u00bb background_repeat=\u00a0\u00bbrepeat\u00a0\u00bb][et_pb_column type=\u00a0\u00bb4_4&Prime; _builder_version=\u00a0\u00bb3.0.47&Prime; column_padding_mobile=\u00a0\u00bbon\u00a0\u00bb parallax=\u00a0\u00bboff\u00a0\u00bb parallax_method=\u00a0\u00bboff\u00a0\u00bb][et_pb_cta use_background_color=\u00a0\u00bboff\u00a0\u00bb admin_label=\u00a0\u00bbCertifications\u00a0\u00bb module_id=\u00a0\u00bbtoptext\u00a0\u00bb _builder_version=\u00a0\u00bb3.0.106&Prime; header_font=\u00a0\u00bbOpen Sans|||on|\u00a0\u00bb header_font_size=\u00a0\u00bb52&Prime; header_font_size_tablet=\u00a0\u00bb50&Prime; header_font_size_phone=\u00a0\u00bb30&Prime; header_font_size_last_edited=\u00a0\u00bbon|desktop\u00a0\u00bb header_text_color=\u00a0\u00bb#ffffff\u00a0\u00bb header_line_height=\u00a0\u00bb1.4em\u00a0\u00bb body_font=\u00a0\u00bbOpen Sans||||\u00a0\u00bb body_font_size=\u00a0\u00bb18&Prime; body_text_color=\u00a0\u00bb#ffffff\u00a0\u00bb body_line_height=\u00a0\u00bb1.5em\u00a0\u00bb custom_css_main_element=\u00a0\u00bbposition: relative; z-index: 10;text-shadow: 1px 1px 8px #666;\u00a0\u00bb custom_css_promo_title=\u00a0\u00bbfont-weight: 800;||\u00a0\u00bb]<\/p>\n<h2><span style=\"color: #fcbf00;\">NOS CERTIFICATIONS <\/span>ET CE\u00a0 QUE NOS CLIENTS DISENT DE NOUS<\/h2>\n<p>[\/et_pb_cta][\/et_pb_column][\/et_pb_row][\/et_pb_section][et_pb_section fb_built=\u00a0\u00bb1&Prime; _builder_version=\u00a0\u00bb3.0.47&Prime;][et_pb_row use_custom_width=\u00a0\u00bbon\u00a0\u00bb custom_width_px=\u00a0\u00bb820px\u00a0\u00bb padding_mobile=\u00a0\u00bboff\u00a0\u00bb column_padding_mobile=\u00a0\u00bbon\u00a0\u00bb parallax_method_1=\u00a0\u00bboff\u00a0\u00bb admin_label=\u00a0\u00bbrow\u00a0\u00bb _builder_version=\u00a0\u00bb3.0.75&Prime; background_size=\u00a0\u00bbinitial\u00a0\u00bb background_position=\u00a0\u00bbtop_left\u00a0\u00bb background_repeat=\u00a0\u00bbrepeat\u00a0\u00bb][et_pb_column type=\u00a0\u00bb4_4&Prime; _builder_version=\u00a0\u00bb3.0.47&Prime; column_padding_mobile=\u00a0\u00bbon\u00a0\u00bb parallax=\u00a0\u00bboff\u00a0\u00bb parallax_method=\u00a0\u00bboff\u00a0\u00bb][et_pb_text _builder_version=\u00a0\u00bb3.0.75&Prime; text_font=\u00a0\u00bbRoboto|on|||\u00a0\u00bb text_font_size=\u00a0\u00bb24&Prime; text_text_color=\u00a0\u00bb#f1c346&Prime; background_size=\u00a0\u00bbinitial\u00a0\u00bb background_position=\u00a0\u00bbtop_left\u00a0\u00bb background_repeat=\u00a0\u00bbrepeat\u00a0\u00bb text_orientation=\u00a0\u00bbcenter\u00a0\u00bb module_alignment=\u00a0\u00bbcenter\u00a0\u00bb custom_margin=\u00a0\u00bb100px||0px|\u00a0\u00bb]Oui, nous sommes certifi\u00e9s<br \/>\n[\/et_pb_text][et_pb_text _builder_version=\u00a0\u00bb3.0.75&Prime; text_font=\u00a0\u00bbRoboto||||\u00a0\u00bb text_font_size=\u00a0\u00bb64&Prime; text_font_size_tablet=\u00a0\u00bb54&Prime; text_font_size_last_edited=\u00a0\u00bbon|desktop\u00a0\u00bb text_line_height=\u00a0\u00bb1.2em\u00a0\u00bb background_size=\u00a0\u00bbinitial\u00a0\u00bb background_position=\u00a0\u00bbtop_left\u00a0\u00bb background_repeat=\u00a0\u00bbrepeat\u00a0\u00bb text_orientation=\u00a0\u00bbcenter\u00a0\u00bb module_alignment=\u00a0\u00bbcenter\u00a0\u00bb custom_margin=\u00a0\u00bb21px||0px|\u00a0\u00bb]Partenaire Google et Bing<br \/>\n[\/et_pb_text][et_pb_text _builder_version=\u00a0\u00bb3.0.75&Prime; text_font=\u00a0\u00bbRoboto||||\u00a0\u00bb text_font_size=\u00a0\u00bb24&Prime; text_line_height=\u00a0\u00bb1.5em\u00a0\u00bb background_size=\u00a0\u00bbinitial\u00a0\u00bb background_position=\u00a0\u00bbtop_left\u00a0\u00bb background_repeat=\u00a0\u00bbrepeat\u00a0\u00bb text_orientation=\u00a0\u00bbcenter\u00a0\u00bb module_alignment=\u00a0\u00bbcenter\u00a0\u00bb custom_margin=\u00a0\u00bb24px||0px|\u00a0\u00bb custom_css_main_element=\u00a0\u00bbfont-weight:400;\u00a0\u00bb](et nous connaissons bien\u00a0Facebook &#038; Instagram)<br \/>\n[\/et_pb_text][et_pb_text _builder_version=\u00a0\u00bb3.0.106&Prime; max_width=\u00a0\u00bb85%\u00a0\u00bb module_alignment=\u00a0\u00bbcenter\u00a0\u00bb custom_margin=\u00a0\u00bb55px|||\u00a0\u00bb]<\/p>\n<p><img loading=\"lazy\" class=\"wp-image-29580 alignnone size-full\" style=\"margin: auto; display: block;\" src=\"..\/..\/wp2017\/wp-content\/uploads\/2018\/03\/google-partner-specialized.png\" alt=\"\" width=\"358\" height=\"200\" \/><\/p>\n<p>Non seulement sommes-nous form\u00e9s et certifi\u00e9s par Google, nous sommes \u00e9galement Partenaire Google sp\u00e9cialis\u00e9 dans:<\/p>\n<ul>\n<li>Annonces du r\u00e9seau de recherche<\/li>\n<li>Annonces graphiques<\/li>\n<li>Publicit\u00e9 sur mobile<\/li>\n<li>Annonces Shopping<\/li>\n<\/ul>\n<p>Qu&rsquo;est-ce que cela signifie d&rsquo;\u00eatre accr\u00e9dit\u00e9 Google Partner ? Le badge Google Partner montre que nous avons d\u00e9montr\u00e9 une connaissance avanc\u00e9e des produits publicitaires Google AdWords qui nous aident \u00e0 g\u00e9n\u00e9rer des r\u00e9sultats et \u00e0 \u00e9tablir des relations durables avec nos clients.<\/p>\n<p>&nbsp;<\/p>\n<p><img loading=\"lazy\" class=\"alignnone size-full wp-image-29582\" style=\"margin: auto; display: block;\" src=\"..\/..\/wp2017\/wp-content\/uploads\/2018\/03\/bing-partner-badge2.png\" alt=\"\" width=\"300\" height=\"200\" \/><\/p>\n<p>Nous sommes \u00e9galement professionnels certifi\u00e9s Bing. Qu&rsquo;est-ce que \u00e7a veut dire ? Cela signifie que Ad Shaker connait tr\u00e8s bien les pratiques exemplaires, qui sont essentielles pour bien comprendre les composantes d\u2019un marketing r\u00e9ussi sur Bing Ads, pour aider votre entreprise \u00e0 se d\u00e9velopper et \u00e0 prosp\u00e9rer en ligne.<\/p>\n<p>[\/et_pb_text][\/et_pb_column][\/et_pb_row][\/et_pb_section][et_pb_section fb_built=\u00a0\u00bb1&Prime; background_color=\u00a0\u00bb#fcbf00&Prime; admin_label=\u00a0\u00bbsection\u00a0\u00bb custom_padding_last_edited=\u00a0\u00bbon|desktop\u00a0\u00bb _builder_version=\u00a0\u00bb3.0.106&Prime; custom_padding_tablet=\u00a0\u00bb50px|0|50px|0&Prime;][et_pb_row make_fullwidth=\u00a0\u00bbon\u00a0\u00bb use_custom_gutter=\u00a0\u00bbon\u00a0\u00bb gutter_width=\u00a0\u00bb4&Prime; custom_padding=\u00a0\u00bb75px||124px|\u00a0\u00bb custom_padding_tablet=\u00a0\u00bb49px|||\u00a0\u00bb custom_padding_phone=\u00a0\u00bb29px|||\u00a0\u00bb column_padding_mobile=\u00a0\u00bbon\u00a0\u00bb parallax_method_1=\u00a0\u00bboff\u00a0\u00bb parallax_method_2=\u00a0\u00bboff\u00a0\u00bb parallax_method_3=\u00a0\u00bboff\u00a0\u00bb custom_padding_last_edited=\u00a0\u00bbon|desktop\u00a0\u00bb _builder_version=\u00a0\u00bb3.0.106&Prime; background_color_gradient_direction=\u00a0\u00bb194deg\u00a0\u00bb background_size=\u00a0\u00bbinitial\u00a0\u00bb background_position=\u00a0\u00bbtop_left\u00a0\u00bb background_repeat=\u00a0\u00bbrepeat\u00a0\u00bb][et_pb_column type=\u00a0\u00bb1_3&Prime; _builder_version=\u00a0\u00bb3.0.47&Prime; column_padding_mobile=\u00a0\u00bbon\u00a0\u00bb parallax=\u00a0\u00bboff\u00a0\u00bb parallax_method=\u00a0\u00bboff\u00a0\u00bb][et_pb_image src=\u00a0\u00bbhttps:\/\/ad-shaker.com\/wp2017\/wp-content\/uploads\/2018\/03\/Arcadeclassics.png\u00a0\u00bb show_bottom_space=\u00a0\u00bboff\u00a0\u00bb align=\u00a0\u00bbcenter\u00a0\u00bb module_class=\u00a0\u00bbet_animated\u00a0\u00bb _builder_version=\u00a0\u00bb3.0.106&Prime; border_radii=\u00a0\u00bbon|50%|50%|50%|50%\u00a0\u00bb max_width=\u00a0\u00bb14%\u00a0\u00bb custom_margin=\u00a0\u00bb||22px|\u00a0\u00bb animation_style=\u00a0\u00bbfade\u00a0\u00bb animation_duration=\u00a0\u00bb500ms\u00a0\u00bb][\/et_pb_image][et_pb_text _builder_version=\u00a0\u00bb3.0.75&Prime; text_font=\u00a0\u00bbRoboto||||\u00a0\u00bb text_font_size=\u00a0\u00bb24&Prime; text_line_height=\u00a0\u00bb1.4em\u00a0\u00bb background_size=\u00a0\u00bbinitial\u00a0\u00bb background_position=\u00a0\u00bbtop_left\u00a0\u00bb background_repeat=\u00a0\u00bbrepeat\u00a0\u00bb text_orientation=\u00a0\u00bbcenter\u00a0\u00bb max_width=\u00a0\u00bb320px\u00a0\u00bb module_alignment=\u00a0\u00bbcenter\u00a0\u00bb custom_margin=\u00a0\u00bb||0px|\u00a0\u00bb custom_css_main_element=\u00a0\u00bbfont-weight: 700;\u00a0\u00bb]Brian Jones,\u00a0 arcadeclassics.net<br \/>\n[\/et_pb_text][et_pb_text _builder_version=\u00a0\u00bb3.0.67&Prime; text_font=\u00a0\u00bbRoboto||||\u00a0\u00bb text_font_size=\u00a0\u00bb18&Prime; text_line_height=\u00a0\u00bb1.5em\u00a0\u00bb background_size=\u00a0\u00bbinitial\u00a0\u00bb background_position=\u00a0\u00bbtop_left\u00a0\u00bb background_repeat=\u00a0\u00bbrepeat\u00a0\u00bb text_orientation=\u00a0\u00bbcenter\u00a0\u00bb module_alignment=\u00a0\u00bbcenter\u00a0\u00bb custom_margin=\u00a0\u00bb20px||0px|\u00a0\u00bb custom_margin_last_edited=\u00a0\u00bbon|desktop\u00a0\u00bb custom_css_main_element=\u00a0\u00bbfont-weight:400;\u00a0\u00bb]Nous avons \u00e9t\u00e9 stup\u00e9faits du niveau de connaissance d\u2019Alexandre sur Google AdWords. Nous utilisons une agence am\u00e9ricaine tr\u00e8s connue pour g\u00e9rer nos campagnes AdWords depuis des ann\u00e9es. Alexandre a pu diagnostiquer les faiblesses de nos campagnes actuelles PPC Google et faire des recommandations pertinentes et solides. C\u2019est un v\u00e9ritable pro et l&rsquo;un des meilleurs sur le march\u00e9.<br \/>\n[\/et_pb_text][\/et_pb_column][et_pb_column type=\u00a0\u00bb1_3&Prime; _builder_version=\u00a0\u00bb3.0.47&Prime; column_padding_mobile=\u00a0\u00bbon\u00a0\u00bb parallax=\u00a0\u00bboff\u00a0\u00bb parallax_method=\u00a0\u00bboff\u00a0\u00bb][et_pb_image src=\u00a0\u00bbhttps:\/\/ad-shaker.com\/wp2017\/wp-content\/uploads\/2018\/03\/glo-salon.jpg\u00a0\u00bb show_bottom_space=\u00a0\u00bboff\u00a0\u00bb align=\u00a0\u00bbcenter\u00a0\u00bb module_class=\u00a0\u00bbet_animated\u00a0\u00bb _builder_version=\u00a0\u00bb3.0.106&Prime; border_radii=\u00a0\u00bbon|50%|50%|50%|50%\u00a0\u00bb max_width=\u00a0\u00bb15%\u00a0\u00bb custom_margin=\u00a0\u00bb||22px|\u00a0\u00bb animation_style=\u00a0\u00bbfade\u00a0\u00bb animation_duration=\u00a0\u00bb500ms\u00a0\u00bb][\/et_pb_image][et_pb_text _builder_version=\u00a0\u00bb3.0.75&Prime; text_font=\u00a0\u00bbRoboto||||\u00a0\u00bb text_font_size=\u00a0\u00bb24&Prime; text_line_height=\u00a0\u00bb1.4em\u00a0\u00bb background_size=\u00a0\u00bbinitial\u00a0\u00bb background_position=\u00a0\u00bbtop_left\u00a0\u00bb background_repeat=\u00a0\u00bbrepeat\u00a0\u00bb text_orientation=\u00a0\u00bbcenter\u00a0\u00bb max_width=\u00a0\u00bb320px\u00a0\u00bb module_alignment=\u00a0\u00bbcenter\u00a0\u00bb custom_margin=\u00a0\u00bb||0px|\u00a0\u00bb custom_css_main_element=\u00a0\u00bbfont-weight: 700;\u00a0\u00bb]Tim Tialdo, gloextensionsdenver.com<br \/>\n[\/et_pb_text][et_pb_text _builder_version=\u00a0\u00bb3.0.75&Prime; text_font=\u00a0\u00bbRoboto||||\u00a0\u00bb text_font_size=\u00a0\u00bb18&Prime; text_line_height=\u00a0\u00bb1.5em\u00a0\u00bb background_size=\u00a0\u00bbinitial\u00a0\u00bb background_position=\u00a0\u00bbtop_left\u00a0\u00bb background_repeat=\u00a0\u00bbrepeat\u00a0\u00bb text_orientation=\u00a0\u00bbcenter\u00a0\u00bb module_alignment=\u00a0\u00bbcenter\u00a0\u00bb custom_margin=\u00a0\u00bb20px||0px|\u00a0\u00bb custom_margin_last_edited=\u00a0\u00bbon|desktop\u00a0\u00bb custom_css_main_element=\u00a0\u00bbfont-weight:400;\u00a0\u00bb]Ce type s\u2019y connait autant que Google. Exp\u00e9rience, r\u00e9sultats&#8230; tout est l\u00e0 ! Ce mec est g\u00e9nial. Embauchez-le !<br \/>\n[\/et_pb_text][\/et_pb_column][et_pb_column type=\u00a0\u00bb1_3&Prime; _builder_version=\u00a0\u00bb3.0.47&Prime; column_padding_mobile=\u00a0\u00bbon\u00a0\u00bb parallax=\u00a0\u00bboff\u00a0\u00bb parallax_method=\u00a0\u00bboff\u00a0\u00bb][et_pb_image src=\u00a0\u00bbhttps:\/\/ad-shaker.com\/wp2017\/wp-content\/uploads\/2018\/03\/witti-logo.jpeg\u00a0\u00bb show_bottom_space=\u00a0\u00bboff\u00a0\u00bb align=\u00a0\u00bbcenter\u00a0\u00bb module_class=\u00a0\u00bbet_animated\u00a0\u00bb _builder_version=\u00a0\u00bb3.0.106&Prime; border_radii=\u00a0\u00bbon|50%|50%|50%|50%\u00a0\u00bb max_width=\u00a0\u00bb15%\u00a0\u00bb custom_margin=\u00a0\u00bb||22px|\u00a0\u00bb animation_style=\u00a0\u00bbfade\u00a0\u00bb animation_duration=\u00a0\u00bb500ms\u00a0\u00bb][\/et_pb_image][et_pb_text _builder_version=\u00a0\u00bb3.0.75&Prime; text_font=\u00a0\u00bbRoboto||||\u00a0\u00bb text_font_size=\u00a0\u00bb24&Prime; text_line_height=\u00a0\u00bb1.4em\u00a0\u00bb background_size=\u00a0\u00bbinitial\u00a0\u00bb background_position=\u00a0\u00bbtop_left\u00a0\u00bb background_repeat=\u00a0\u00bbrepeat\u00a0\u00bb text_orientation=\u00a0\u00bbcenter\u00a0\u00bb max_width=\u00a0\u00bb320px\u00a0\u00bb module_alignment=\u00a0\u00bbcenter\u00a0\u00bb custom_margin=\u00a0\u00bb||0px|\u00a0\u00bb custom_css_main_element=\u00a0\u00bbfont-weight: 700;\u00a0\u00bb]Becky Cheung,\u00a0 wittidesign.com<br \/>\n[\/et_pb_text][et_pb_text _builder_version=\u00a0\u00bb3.0.75&Prime; text_font=\u00a0\u00bbRoboto||||\u00a0\u00bb text_font_size=\u00a0\u00bb18&Prime; text_line_height=\u00a0\u00bb1.5em\u00a0\u00bb background_size=\u00a0\u00bbinitial\u00a0\u00bb background_position=\u00a0\u00bbtop_left\u00a0\u00bb background_repeat=\u00a0\u00bbrepeat\u00a0\u00bb text_orientation=\u00a0\u00bbcenter\u00a0\u00bb module_alignment=\u00a0\u00bbcenter\u00a0\u00bb custom_margin=\u00a0\u00bb20px||0px|\u00a0\u00bb custom_margin_last_edited=\u00a0\u00bbon|desktop\u00a0\u00bb custom_css_main_element=\u00a0\u00bbfont-weight:400;\u00a0\u00bb]<\/p>\n<p>Ad Shaker a aid\u00e9 \u00e0 mettre en place des campagnes Adwords et a expliqu\u00e9 tr\u00e8s clairement comment et pourquoi il les avait organis\u00e9es comme \u00e7a. Il a accel\u00e9r\u00e9 notre courbe d&rsquo;apprentissage et nous a fait gagner du temps sur les tests !<\/p>\n<p>[\/et_pb_text][\/et_pb_column][\/et_pb_row][\/et_pb_section][et_pb_section fb_built=\u00a0\u00bb1&Prime; _builder_version=\u00a0\u00bb3.0.47&Prime;][et_pb_row custom_padding=\u00a0\u00bb27px|0px|73px|0px\u00a0\u00bb _builder_version=\u00a0\u00bb3.0.75&Prime;][et_pb_column type=\u00a0\u00bb4_4&Prime; _builder_version=\u00a0\u00bb3.0.47&Prime; parallax=\u00a0\u00bboff\u00a0\u00bb parallax_method=\u00a0\u00bbon\u00a0\u00bb][et_pb_cta button_url=\u00a0\u00bbhttps:\/\/ad-shaker.com\/fr\/contact\/\u00a0\u00bb button_text=\u00a0\u00bbContactez-nous\u00a0\u00bb use_background_color=\u00a0\u00bboff\u00a0\u00bb background_layout=\u00a0\u00bblight\u00a0\u00bb admin_label=\u00a0\u00bbOur Services 2&Prime; _builder_version=\u00a0\u00bb3.0.75&Prime; header_font=\u00a0\u00bbOpen Sans|||on|\u00a0\u00bb header_font_size=\u00a0\u00bb38&Prime; header_font_size_tablet=\u00a0\u00bb36&Prime; header_font_size_phone=\u00a0\u00bb30&Prime; header_font_size_last_edited=\u00a0\u00bbon|desktop\u00a0\u00bb header_text_color=\u00a0\u00bb#494949&Prime; header_line_height=\u00a0\u00bb1.4em\u00a0\u00bb body_font=\u00a0\u00bbOpen Sans||||\u00a0\u00bb body_font_size=\u00a0\u00bb16&Prime; body_text_color=\u00a0\u00bb#666666&Prime; body_line_height=\u00a0\u00bb1.5em\u00a0\u00bb background_size=\u00a0\u00bbinitial\u00a0\u00bb background_position=\u00a0\u00bbtop_left\u00a0\u00bb background_repeat=\u00a0\u00bbrepeat\u00a0\u00bb text_orientation=\u00a0\u00bbleft\u00a0\u00bb custom_margin=\u00a0\u00bb||0px|\u00a0\u00bb custom_padding=\u00a0\u00bb||0px|\u00a0\u00bb custom_button=\u00a0\u00bbon\u00a0\u00bb button_text_size=\u00a0\u00bb17&Prime; button_text_color=\u00a0\u00bb#fcbf00&Prime; button_bg_color=\u00a0\u00bb#2b2c2a\u00a0\u00bb button_border_color=\u00a0\u00bb#2b2c2a\u00a0\u00bb button_border_radius=\u00a0\u00bb0&Prime; button_letter_spacing=\u00a0\u00bb2&Prime; button_font=\u00a0\u00bbOswald|||on|\u00a0\u00bb button_icon=\u00a0\u00bb%%24%%\u00a0\u00bb button_text_color_hover=\u00a0\u00bb#2b2c2a\u00a0\u00bb button_bg_color_hover=\u00a0\u00bbrgba(0,0,0,0)\u00a0\u00bb button_border_color_hover=\u00a0\u00bb#2b2c2a\u00a0\u00bb button_border_radius_hover=\u00a0\u00bb0&Prime; button_letter_spacing_hover=\u00a0\u00bb2&Prime; button_alignment=\u00a0\u00bbcenter\u00a0\u00bb custom_css_promo_title=\u00a0\u00bbfont-weight:800;\u00a0\u00bb saved_tabs=\u00a0\u00bball\u00a0\u00bb]<\/p>\n<h2 style=\"text-align: center;\">Renfor\u00e7ons <span style=\"color: #fcbf00;\">votre pr\u00e9sence \u00a0<\/span>en ligne<\/h2>\n<p style=\"text-align: center;\"><em><strong>Contactez-nous aujourd&rsquo;hui pour une consultation gratuite. <\/strong><\/em><\/p>\n<p>[\/et_pb_cta][\/et_pb_column][\/et_pb_row][\/et_pb_section]<\/p>\n","protected":false},"excerpt":{"rendered":"<p>[et_pb_section fb_built=\u00a0\u00bb1&Prime; background_color=\u00a0\u00bb#ffffff\u00a0\u00bb admin_label=\u00a0\u00bbHero Section\u00a0\u00bb module_id=\u00a0\u00bbdotover\u00a0\u00bb custom_padding_last_edited=\u00a0\u00bbon|desktop\u00a0\u00bb _builder_version=\u00a0\u00bb3.0.106&Prime; background_image=\u00a0\u00bbhttps:\/\/ad-shaker.com\/wp2017\/wp-content\/uploads\/2018\/03\/business-3152586_1920.jpg\u00a0\u00bb custom_padding_tablet=\u00a0\u00bb50px|0|50px|0&Prime; collapsed=\u00a0\u00bboff\u00a0\u00bb][et_pb_row custom_padding=\u00a0\u00bb7%||4%|\u00a0\u00bb padding_mobile=\u00a0\u00bboff\u00a0\u00bb column_padding_mobile=\u00a0\u00bbon\u00a0\u00bb parallax_method_1=\u00a0\u00bboff\u00a0\u00bb _builder_version=\u00a0\u00bb3.0.67&Prime; background_size=\u00a0\u00bbinitial\u00a0\u00bb background_position=\u00a0\u00bbtop_left\u00a0\u00bb background_repeat=\u00a0\u00bbrepeat\u00a0\u00bb][et_pb_column type=\u00a0\u00bb4_4&Prime; _builder_version=\u00a0\u00bb3.0.47&Prime; column_padding_mobile=\u00a0\u00bbon\u00a0\u00bb parallax=\u00a0\u00bboff\u00a0\u00bb parallax_method=\u00a0\u00bboff\u00a0\u00bb][et_pb_cta use_background_color=\u00a0\u00bboff\u00a0\u00bb admin_label=\u00a0\u00bbCertifications\u00a0\u00bb module_id=\u00a0\u00bbtoptext\u00a0\u00bb _builder_version=\u00a0\u00bb3.0.106&Prime; header_font=\u00a0\u00bbOpen Sans|||on|\u00a0\u00bb header_font_size=\u00a0\u00bb52&Prime; header_font_size_tablet=\u00a0\u00bb50&Prime; header_font_size_phone=\u00a0\u00bb30&Prime; header_font_size_last_edited=\u00a0\u00bbon|desktop\u00a0\u00bb header_text_color=\u00a0\u00bb#ffffff\u00a0\u00bb header_line_height=\u00a0\u00bb1.4em\u00a0\u00bb body_font=\u00a0\u00bbOpen Sans||||\u00a0\u00bb body_font_size=\u00a0\u00bb18&Prime; body_text_color=\u00a0\u00bb#ffffff\u00a0\u00bb body_line_height=\u00a0\u00bb1.5em\u00a0\u00bb custom_css_main_element=\u00a0\u00bbposition: relative; z-index: 10;text-shadow: 1px 1px 8px #666;\u00a0\u00bb custom_css_promo_title=\u00a0\u00bbfont-weight: 800;||\u00a0\u00bb] NOS CERTIFICATIONS ET CE\u00a0 [&hellip;]<\/p>\n","protected":false},"author":6,"featured_media":0,"parent":0,"menu_order":0,"comment_status":"closed","ping_status":"closed","template":"","meta":{"_et_pb_use_builder":"on","_et_pb_old_content":"","_et_gb_content_width":""},"_links":{"self":[{"href":"https:\/\/ad-shaker.com\/fr\/wp-json\/wp\/v2\/pages\/28840"}],"collection":[{"href":"https:\/\/ad-shaker.com\/fr\/wp-json\/wp\/v2\/pages"}],"about":[{"href":"https:\/\/ad-shaker.com\/fr\/wp-json\/wp\/v2\/types\/page"}],"author":[{"embeddable":true,"href":"https:\/\/ad-shaker.com\/fr\/wp-json\/wp\/v2\/users\/6"}],"replies":[{"embeddable":true,"href":"https:\/\/ad-shaker.com\/fr\/wp-json\/wp\/v2\/comments?post=28840"}],"version-history":[{"count":29,"href":"https:\/\/ad-shaker.com\/fr\/wp-json\/wp\/v2\/pages\/28840\/revisions"}],"predecessor-version":[{"id":29672,"href":"https:\/\/ad-shaker.com\/fr\/wp-json\/wp\/v2\/pages\/28840\/revisions\/29672"}],"wp:attachment":[{"href":"https:\/\/ad-shaker.com\/fr\/wp-json\/wp\/v2\/media?parent=28840"}],"curies":[{"name":"wp","href":"https:\/\/api.w.org\/{rel}","templated":true}]}}