{"id":29645,"date":"2018-03-10T10:59:01","date_gmt":"2018-03-10T15:59:01","guid":{"rendered":"https:\/\/ad-shaker.com\/smoothie-recipes\/"},"modified":"2018-03-30T20:08:05","modified_gmt":"2018-03-31T01:08:05","slug":"nos-recettes","status":"publish","type":"page","link":"https:\/\/ad-shaker.com\/fr\/nos-recettes\/","title":{"rendered":"Nos recettes"},"content":{"rendered":"<p>[et_pb_section fb_built=\u00a0\u00bb1&Prime; _builder_version=\u00a0\u00bb3.0.106&Prime; background_image=\u00a0\u00bbhttps:\/\/ad-shaker.com\/wp2017\/wp-content\/uploads\/2017\/08\/certifications-banner1.jpg\u00a0\u00bb][et_pb_row custom_padding=\u00a0\u00bb6%||4%|\u00a0\u00bb _builder_version=\u00a0\u00bb3.0.106&Prime;][et_pb_column type=\u00a0\u00bb4_4&Prime; _builder_version=\u00a0\u00bb3.0.47&Prime; parallax=\u00a0\u00bboff\u00a0\u00bb parallax_method=\u00a0\u00bbon\u00a0\u00bb][et_pb_cta use_background_color=\u00a0\u00bboff\u00a0\u00bb admin_label=\u00a0\u00bbOUR SERVICES\u00a0\u00bb module_id=\u00a0\u00bbtoptext\u00a0\u00bb _builder_version=\u00a0\u00bb3.0.106&Prime; header_font=\u00a0\u00bbOpen Sans|||on|\u00a0\u00bb header_font_size=\u00a0\u00bb52&Prime; header_font_size_tablet=\u00a0\u00bb40&Prime; header_font_size_phone=\u00a0\u00bb30&Prime; header_font_size_last_edited=\u00a0\u00bbon|desktop\u00a0\u00bb header_text_color=\u00a0\u00bb#ffffff\u00a0\u00bb header_line_height=\u00a0\u00bb1.4em\u00a0\u00bb body_font=\u00a0\u00bbOpen Sans||||\u00a0\u00bb body_font_size=\u00a0\u00bb18&Prime; body_text_color=\u00a0\u00bb#ffffff\u00a0\u00bb body_line_height=\u00a0\u00bb1.5em\u00a0\u00bb background_size=\u00a0\u00bbinitial\u00a0\u00bb background_position=\u00a0\u00bbtop_left\u00a0\u00bb background_repeat=\u00a0\u00bbrepeat\u00a0\u00bb custom_css_main_element=\u00a0\u00bbposition: relative; z-index: 10;text-shadow: 1px 1px 8px #666;\u00a0\u00bb custom_css_promo_title=\u00a0\u00bbfont-weight:800;\u00a0\u00bb saved_tabs=\u00a0\u00bball\u00a0\u00bb]<\/p>\n<h2><span style=\"color: #42a4e1;\">RECETTES EXCLUSIVES<\/span> DE AD SHAKER<\/h2>\n<p><i>Il y a des milliers de recettes sur Internet, mais elles ne se valent pas toutes.<\/i><\/p>\n<p>[\/et_pb_cta][\/et_pb_column][\/et_pb_row][\/et_pb_section][et_pb_section fb_built=\u00a0\u00bb1&Prime; _builder_version=\u00a0\u00bb3.0.47&Prime;][et_pb_row _builder_version=\u00a0\u00bb3.0.47&Prime; background_size=\u00a0\u00bbinitial\u00a0\u00bb background_position=\u00a0\u00bbtop_left\u00a0\u00bb background_repeat=\u00a0\u00bbrepeat\u00a0\u00bb][et_pb_column type=\u00a0\u00bb4_4&Prime; _builder_version=\u00a0\u00bb3.0.47&Prime; parallax=\u00a0\u00bboff\u00a0\u00bb parallax_method=\u00a0\u00bbon\u00a0\u00bb][et_pb_text _builder_version=\u00a0\u00bb3.0.106&Prime; text_font=\u00a0\u00bb||on||||||\u00a0\u00bb text_font_size=\u00a0\u00bb18px\u00a0\u00bb text_orientation=\u00a0\u00bbcenter\u00a0\u00bb]<\/p>\n<p>Ces recettes exclusives d\u2019Ad Shaker vous fourniront les nutriments Essentiels pour Booster vos Ventes.<\/p>\n<p>[\/et_pb_text][\/et_pb_column][\/et_pb_row][et_pb_row _builder_version=\u00a0\u00bb3.0.47&Prime; background_size=\u00a0\u00bbinitial\u00a0\u00bb background_position=\u00a0\u00bbtop_left\u00a0\u00bb background_repeat=\u00a0\u00bbrepeat\u00a0\u00bb][et_pb_column type=\u00a0\u00bb1_3&Prime; _builder_version=\u00a0\u00bb3.0.47&Prime; parallax=\u00a0\u00bboff\u00a0\u00bb parallax_method=\u00a0\u00bbon\u00a0\u00bb][et_pb_image src=\u00a0\u00bbhttps:\/\/ad-shaker.com\/wp2017\/wp-content\/uploads\/2017\/10\/favicon.png\u00a0\u00bb align=\u00a0\u00bbcenter\u00a0\u00bb _builder_version=\u00a0\u00bb3.0.106&Prime; max_width=\u00a0\u00bb80%\u00a0\u00bb module_alignment=\u00a0\u00bbcenter\u00a0\u00bb custom_padding=\u00a0\u00bb30px|||\u00a0\u00bb][\/et_pb_image][\/et_pb_column][et_pb_column type=\u00a0\u00bb2_3&Prime; _builder_version=\u00a0\u00bb3.0.47&Prime; parallax=\u00a0\u00bboff\u00a0\u00bb parallax_method=\u00a0\u00bbon\u00a0\u00bb][et_pb_text _builder_version=\u00a0\u00bb3.0.106&Prime;]<\/p>\n<h2 style=\"font-weight: bold;\">Le\u00a0<span style=\"color: #42a4e1;\">Alex<\/span> Shake<\/h2>\n<p>[\/et_pb_text][et_pb_text _builder_version=\u00a0\u00bb3.0.106&Prime; text_font_size=\u00a0\u00bb16px\u00a0\u00bb]<\/p>\n<p>M\u00e9langer 15 ans d&rsquo;exp\u00e9rience dans le Marketing en ligne, 5 ans dans un groupe h\u00f4telier 5 \u00e9toiles, l\u2019expertise de l&rsquo;analyse du <b>trafic \u00e9lectronique<\/b>, <b>l&rsquo;optimisation<\/b> de sites Web, la publicit\u00e9 sur Internet et les <b>r\u00e9seaux sociaux<\/b>. M\u00e9langer 20 \u00e0 30 secondes ou jusqu&rsquo;\u00e0 obtenir une consistance <b>onctueuse<\/b>. Ajouter quelques ann\u00e9es d&rsquo;Analytics, une touche d&rsquo;Optimizer. Ajouter quelques langues si vous recherchez un effet <b>mondial<\/b>. Cette <b>recette de smoothie<\/b> parfum\u00e9e \u00e0 la pub vous m\u00e8nera au paradis du marketing.<\/p>\n<p><i>Gagnez du temps et reprenez le contr\u00f4le de votre budget publicitaire avec les recettes naturellement sucr\u00e9es professionnelles et savoureuses de <\/i><i>Ad Shaker<\/i><i>\u00a0!<\/i><\/p>\n<p>[\/et_pb_text][\/et_pb_column][\/et_pb_row][et_pb_row _builder_version=\u00a0\u00bb3.0.47&Prime; background_size=\u00a0\u00bbinitial\u00a0\u00bb background_position=\u00a0\u00bbtop_left\u00a0\u00bb background_repeat=\u00a0\u00bbrepeat\u00a0\u00bb][et_pb_column type=\u00a0\u00bb4_4&Prime; _builder_version=\u00a0\u00bb3.0.47&Prime; parallax=\u00a0\u00bboff\u00a0\u00bb parallax_method=\u00a0\u00bbon\u00a0\u00bb][et_pb_divider color=\u00a0\u00bb#f1f1f1&Prime; show_divider=\u00a0\u00bbon\u00a0\u00bb divider_style=\u00a0\u00bbdashed\u00a0\u00bb height=\u00a0\u00bb10px\u00a0\u00bb _builder_version=\u00a0\u00bb3.0.106&Prime; max_width=\u00a0\u00bb80%\u00a0\u00bb module_alignment=\u00a0\u00bbcenter\u00a0\u00bb][\/et_pb_divider][\/et_pb_column][\/et_pb_row][et_pb_row _builder_version=\u00a0\u00bb3.0.106&Prime; background_size=\u00a0\u00bbinitial\u00a0\u00bb background_position=\u00a0\u00bbtop_left\u00a0\u00bb background_repeat=\u00a0\u00bbrepeat\u00a0\u00bb][et_pb_column type=\u00a0\u00bb2_3&Prime; _builder_version=\u00a0\u00bb3.0.47&Prime; parallax=\u00a0\u00bboff\u00a0\u00bb parallax_method=\u00a0\u00bbon\u00a0\u00bb][et_pb_text _builder_version=\u00a0\u00bb3.0.106&Prime;]<\/p>\n<h2 style=\"font-weight: bold;\"><span style=\"color: #ff3485;\">Tourbillon<\/span> Kat <span style=\"color: #ff3485;\">Ulytra-Sain<\/span><\/h2>\n<p>[\/et_pb_text][et_pb_text _builder_version=\u00a0\u00bb3.0.106&Prime; text_font_size=\u00a0\u00bb16px\u00a0\u00bb]<\/p>\n<p>Un contenu de qualit\u00e9 dans ce m\u00e9lange <b>Tonic<\/b> rempli d&rsquo;ingr\u00e9dients super-puissants pour <b>booster<\/b> votre Business.<\/p>\n<p>M\u00e9langer 15 ans d&rsquo;exp\u00e9rience dans les <b>r\u00e9seaux sociaux<\/b>, les publicit\u00e9s Facebook, l&rsquo;optimisation de contenu de blog et 3 langues. Assaisonner selon les go\u00fbts d\u2019un grand <b>sourire<\/b> et de <b>style artistique<\/b>. Ajouter de l&rsquo;exp\u00e9rience dans l&rsquo;industrie de l&rsquo;assurance.<\/p>\n<p>C&rsquo;est le Smoothie Vegan parfait !<\/p>\n<p><i>Gagnez un temps pr\u00e9cieux avec cette recette de smoothie rapide qui va stimuler vos ventes en ligne.<\/i><\/p>\n<p>Informations nutritionnelles (par portion) : Selon les recommandations quotidiennes saines.<\/p>\n<p>[\/et_pb_text][\/et_pb_column][et_pb_column type=\u00a0\u00bb1_3&Prime; _builder_version=\u00a0\u00bb3.0.47&Prime; parallax=\u00a0\u00bboff\u00a0\u00bb parallax_method=\u00a0\u00bbon\u00a0\u00bb][et_pb_image src=\u00a0\u00bbhttps:\/\/ad-shaker.com\/wp2017\/wp-content\/uploads\/2017\/10\/favicon.png\u00a0\u00bb align=\u00a0\u00bbcenter\u00a0\u00bb _builder_version=\u00a0\u00bb3.0.106&Prime; max_width=\u00a0\u00bb80%\u00a0\u00bb module_alignment=\u00a0\u00bbcenter\u00a0\u00bb custom_padding=\u00a0\u00bb30px|||\u00a0\u00bb][\/et_pb_image][\/et_pb_column][\/et_pb_row][et_pb_row _builder_version=\u00a0\u00bb3.0.47&Prime; background_size=\u00a0\u00bbinitial\u00a0\u00bb background_position=\u00a0\u00bbtop_left\u00a0\u00bb background_repeat=\u00a0\u00bbrepeat\u00a0\u00bb][et_pb_column type=\u00a0\u00bb4_4&Prime; _builder_version=\u00a0\u00bb3.0.47&Prime; parallax=\u00a0\u00bboff\u00a0\u00bb parallax_method=\u00a0\u00bbon\u00a0\u00bb][et_pb_divider color=\u00a0\u00bb#f1f1f1&Prime; show_divider=\u00a0\u00bbon\u00a0\u00bb divider_style=\u00a0\u00bbdashed\u00a0\u00bb height=\u00a0\u00bb10px\u00a0\u00bb _builder_version=\u00a0\u00bb3.0.106&Prime; max_width=\u00a0\u00bb80%\u00a0\u00bb module_alignment=\u00a0\u00bbcenter\u00a0\u00bb][\/et_pb_divider][\/et_pb_column][\/et_pb_row][et_pb_row _builder_version=\u00a0\u00bb3.0.106&Prime; background_size=\u00a0\u00bbinitial\u00a0\u00bb background_position=\u00a0\u00bbtop_left\u00a0\u00bb background_repeat=\u00a0\u00bbrepeat\u00a0\u00bb][et_pb_column type=\u00a0\u00bb1_3&Prime; _builder_version=\u00a0\u00bb3.0.47&Prime; parallax=\u00a0\u00bboff\u00a0\u00bb parallax_method=\u00a0\u00bbon\u00a0\u00bb][et_pb_image src=\u00a0\u00bbhttps:\/\/ad-shaker.com\/wp2017\/wp-content\/uploads\/2017\/10\/favicon.png\u00a0\u00bb align=\u00a0\u00bbcenter\u00a0\u00bb _builder_version=\u00a0\u00bb3.0.106&Prime; max_width=\u00a0\u00bb80%\u00a0\u00bb module_alignment=\u00a0\u00bbcenter\u00a0\u00bb custom_padding=\u00a0\u00bb30px|||\u00a0\u00bb][\/et_pb_image][\/et_pb_column][et_pb_column type=\u00a0\u00bb2_3&Prime; _builder_version=\u00a0\u00bb3.0.47&Prime; parallax=\u00a0\u00bboff\u00a0\u00bb parallax_method=\u00a0\u00bbon\u00a0\u00bb][et_pb_text _builder_version=\u00a0\u00bb3.0.106&Prime;]<\/p>\n<h2 style=\"font-weight: bold;\"><span style=\"color: #ff3485;\">Mix Simple <\/span>Nath<\/h2>\n<p>[\/et_pb_text][et_pb_text _builder_version=\u00a0\u00bb3.0.106&Prime; text_font_size=\u00a0\u00bb16px\u00a0\u00bb]<\/p>\n<p>Placer 20 ann\u00e9es en <b>Marketing<\/b>, Assistanat, RH, <b>Analyse<\/b> dans un <b>Shaker<\/b>. M\u00e9langer jusqu&rsquo;\u00e0 obtenir une consistance onctueuse. Ajouter l&rsquo;expertise d\u2019Excel. Verser sur l\u2019exp\u00e9rience dans l&rsquo;import-export, l\u2019industrie du jeu, la pharmacie, l\u2019h\u00f4tellerie, l\u2019\u00e9lectro-m\u00e9nager. Ajouter beaucoup de <b>minutie<\/b>.<\/p>\n<p>Servir tr\u00e8s frais.<\/p>\n<p><span style=\"color: #ff3485;\">Avertissement:\u00a0<\/span>effets secondaires possibles : L&rsquo;augmentation des ventes peut augmenter <b>votre charge de travail<\/b>.<\/p>\n<p><i>C&rsquo;est le bon moment pour redynamiser votre e-marketing avec des recettes exclusives d\u2019<\/i><i>Ad Shaker<\/i><i>\u00a0!<\/i><\/p>\n<p>[\/et_pb_text][\/et_pb_column][\/et_pb_row][et_pb_row _builder_version=\u00a0\u00bb3.0.47&Prime; background_size=\u00a0\u00bbinitial\u00a0\u00bb background_position=\u00a0\u00bbtop_left\u00a0\u00bb background_repeat=\u00a0\u00bbrepeat\u00a0\u00bb][et_pb_column type=\u00a0\u00bb4_4&Prime; _builder_version=\u00a0\u00bb3.0.47&Prime; parallax=\u00a0\u00bboff\u00a0\u00bb parallax_method=\u00a0\u00bbon\u00a0\u00bb][et_pb_divider height=\u00a0\u00bb15px\u00a0\u00bb _builder_version=\u00a0\u00bb3.0.106&Prime; module_alignment=\u00a0\u00bbcenter\u00a0\u00bb][\/et_pb_divider][et_pb_text _builder_version=\u00a0\u00bb3.0.106&Prime; text_font_size=\u00a0\u00bb20px\u00a0\u00bb text_orientation=\u00a0\u00bbcenter\u00a0\u00bb]<\/p>\n<p><span style=\"color: #ff3485;\">ATTENTION:<\/span>\u00a0NOS PUBS PEUVENT\u00a0<span style=\"color: #ff3485;\">COLLER<\/span><\/p>\n<p>[\/et_pb_text][et_pb_button button_url=\u00a0\u00bbhttps:\/\/ad-shaker.com\/fr\/contact\/\u00a0\u00bb button_text=\u00a0\u00bbRetrouvez nos pubs compl\u00e8tes I\u00e7i\u00a0\u00bb button_alignment=\u00a0\u00bbcenter\u00a0\u00bb background_layout=\u00a0\u00bbdark\u00a0\u00bb admin_label=\u00a0\u00bbACCESS FULL RECIPES HERE\u00a0\u00bb _builder_version=\u00a0\u00bb3.0.106&Prime; custom_button=\u00a0\u00bbon\u00a0\u00bb button_text_size=\u00a0\u00bb24&Prime; button_text_color=\u00a0\u00bb#42a4e1&Prime; button_font=\u00a0\u00bb|700|||||||\u00a0\u00bb button_border_color_hover=\u00a0\u00bb#42a4e1&Prime;][\/et_pb_button][\/et_pb_column][\/et_pb_row][et_pb_row _builder_version=\u00a0\u00bb3.0.47&Prime; background_size=\u00a0\u00bbinitial\u00a0\u00bb background_position=\u00a0\u00bbtop_left\u00a0\u00bb background_repeat=\u00a0\u00bbrepeat\u00a0\u00bb][et_pb_column type=\u00a0\u00bb4_4&Prime; _builder_version=\u00a0\u00bb3.0.47&Prime; parallax=\u00a0\u00bboff\u00a0\u00bb parallax_method=\u00a0\u00bbon\u00a0\u00bb][et_pb_text _builder_version=\u00a0\u00bb3.0.106&Prime; text_font=\u00a0\u00bb||on||||||\u00a0\u00bb text_font_size=\u00a0\u00bb16px\u00a0\u00bb]<\/p>\n<p><i>Veuillez noter : Pour les personnes allergiques \u00e0 la publicit\u00e9, n&rsquo;h\u00e9sitez pas \u00e0 contacter un de nos conseillers si l&rsquo;un de nos ingr\u00e9dients vous pr\u00e9occupe. Nos recettes sont toutes form\u00e9es et certifi\u00e9es par Google.<\/i><\/p>\n<p>[\/et_pb_text][\/et_pb_column][\/et_pb_row][\/et_pb_section]<\/p>\n","protected":false},"excerpt":{"rendered":"<p>[et_pb_section fb_built=\u00a0\u00bb1&Prime; _builder_version=\u00a0\u00bb3.0.106&Prime; background_image=\u00a0\u00bbhttps:\/\/ad-shaker.com\/wp2017\/wp-content\/uploads\/2017\/08\/certifications-banner1.jpg\u00a0\u00bb][et_pb_row custom_padding=\u00a0\u00bb6%||4%|\u00a0\u00bb _builder_version=\u00a0\u00bb3.0.106&Prime;][et_pb_column type=\u00a0\u00bb4_4&Prime; _builder_version=\u00a0\u00bb3.0.47&Prime; parallax=\u00a0\u00bboff\u00a0\u00bb parallax_method=\u00a0\u00bbon\u00a0\u00bb][et_pb_cta use_background_color=\u00a0\u00bboff\u00a0\u00bb admin_label=\u00a0\u00bbOUR SERVICES\u00a0\u00bb module_id=\u00a0\u00bbtoptext\u00a0\u00bb _builder_version=\u00a0\u00bb3.0.106&Prime; header_font=\u00a0\u00bbOpen Sans|||on|\u00a0\u00bb header_font_size=\u00a0\u00bb52&Prime; header_font_size_tablet=\u00a0\u00bb40&Prime; header_font_size_phone=\u00a0\u00bb30&Prime; header_font_size_last_edited=\u00a0\u00bbon|desktop\u00a0\u00bb header_text_color=\u00a0\u00bb#ffffff\u00a0\u00bb header_line_height=\u00a0\u00bb1.4em\u00a0\u00bb body_font=\u00a0\u00bbOpen Sans||||\u00a0\u00bb body_font_size=\u00a0\u00bb18&Prime; body_text_color=\u00a0\u00bb#ffffff\u00a0\u00bb body_line_height=\u00a0\u00bb1.5em\u00a0\u00bb background_size=\u00a0\u00bbinitial\u00a0\u00bb background_position=\u00a0\u00bbtop_left\u00a0\u00bb background_repeat=\u00a0\u00bbrepeat\u00a0\u00bb custom_css_main_element=\u00a0\u00bbposition: relative; z-index: 10;text-shadow: 1px 1px 8px #666;\u00a0\u00bb custom_css_promo_title=\u00a0\u00bbfont-weight:800;\u00a0\u00bb saved_tabs=\u00a0\u00bball\u00a0\u00bb] RECETTES EXCLUSIVES DE AD SHAKER Il y a des milliers de recettes sur Internet, [&hellip;]<\/p>\n","protected":false},"author":6,"featured_media":0,"parent":0,"menu_order":0,"comment_status":"closed","ping_status":"closed","template":"","meta":{"_et_pb_use_builder":"on","_et_pb_old_content":"","_et_gb_content_width":""},"_links":{"self":[{"href":"https:\/\/ad-shaker.com\/fr\/wp-json\/wp\/v2\/pages\/29645"}],"collection":[{"href":"https:\/\/ad-shaker.com\/fr\/wp-json\/wp\/v2\/pages"}],"about":[{"href":"https:\/\/ad-shaker.com\/fr\/wp-json\/wp\/v2\/types\/page"}],"author":[{"embeddable":true,"href":"https:\/\/ad-shaker.com\/fr\/wp-json\/wp\/v2\/users\/6"}],"replies":[{"embeddable":true,"href":"https:\/\/ad-shaker.com\/fr\/wp-json\/wp\/v2\/comments?post=29645"}],"version-history":[{"count":4,"href":"https:\/\/ad-shaker.com\/fr\/wp-json\/wp\/v2\/pages\/29645\/revisions"}],"predecessor-version":[{"id":29677,"href":"https:\/\/ad-shaker.com\/fr\/wp-json\/wp\/v2\/pages\/29645\/revisions\/29677"}],"wp:attachment":[{"href":"https:\/\/ad-shaker.com\/fr\/wp-json\/wp\/v2\/media?parent=29645"}],"curies":[{"name":"wp","href":"https:\/\/api.w.org\/{rel}","templated":true}]}}